
{"id":3483,"date":"2019-09-27T15:18:42","date_gmt":"2019-09-27T13:18:42","guid":{"rendered":"https:\/\/www.communes.com\/mag\/evenements\/french-days"},"modified":"2020-02-03T15:21:23","modified_gmt":"2020-02-03T14:21:23","slug":"french-days","status":"publish","type":"page","link":"https:\/\/www.communes.com\/mag\/evenements\/french-days","title":{"rendered":"french days"},"content":{"rendered":"[vc_row][vc_column][vc_column_text]Inspir\u00e9 du <a href=\"https:\/\/www.communes.com\/mag\/evenements\/black-friday\">Black Friday<\/a>\u00a0qui vient tout droit des \u00c9tats-unis, <strong>les French Days rejoignent le concept de la promotion internationale<\/strong>.<\/p>\n<h3>Les dates des French Days :<\/h3>\n<ul>\n<li>En 2019,\u00a0les French Days se sont d\u00e9roul\u00e9s du vendredi 27 septembre \u00e0 7H au mardi 1er octobre \u00e0 la m\u00eame heure<\/li>\n<li>En 2020, les French Days devraient avoir lieu du vendredi 25 septembre au mardi 29 septembre<\/li>\n<\/ul>\n<p>Dans l&#8217;Hexagone, le Black Friday est aussi de mise\u00a0! Des rabais allant jusqu&#8217;\u00e0 moins quatre-vingts pourcent de r\u00e9duction sont affich\u00e9s sur les devantures des boutiques de rues comme dans les centres-commerciaux, et sur internet. La journ\u00e9e des meilleures affaires c&#8217;est le moment de faire le plein de biens de consommation quotidienne ou d&#8217;achats compulsifs. G\u00e9n\u00e9ralement, une journ\u00e9e de Black Friday repr\u00e9sente cinq fois les ventes d&#8217;achat sur le commerce en ligne. Pas \u00e9tonnant que la France ait chop\u00e9 cette merveilleuse id\u00e9e. Mais visiblement cela n&#8217;a pas suffi.<\/p>\n<h2>Les French Days : le Black friday \u00e0 la fran\u00e7aise<\/h2>\n<p>Quelques-unes des plus grosses industries commerciales ont d\u00e9cid\u00e9 de remanier le Black Friday \u00e0 la Fran\u00e7aise, les French Days, uniquement sur des sites internet pour accro\u00eetre le commerce en ligne qui n&#8217;a aujourd&#8217;hui plus de limites. Principalement des entreprises du m\u00eame secteur \u2013 pour \u00e9liminer toute concurrence d\u00e9loyale &#8211; telles que Boulanger.com, Cdiscount.com, Fnac.com et Darty.com, La Redoute.fr, Rueducommerce.fr et Showroompriv\u00e9.com ces six grosses marketplaces ayant des sites e-commerce \u00e9labor\u00e9s, ont pris les r\u00eanes et se sont initialement engag\u00e9s dans ce d\u00e9fi pour organiser sur une p\u00e9riode de cinq jours des promotions exceptionnelles. C&#8217;est durant la p\u00e9riode printani\u00e8re que ces offres sont lanc\u00e9es depuis seulement l&#8217;ann\u00e9e 2018.<\/p>\n<p>Malheureusement, contre une augmentation de 112% de la demande lors du black Friday, les French Days n&#8217;obtiennent qu\u2019un score que de 22%. En effet le Black Friday lui est un jour selon lequel de tr\u00e8s gros chiffres sont per\u00e7us par les entreprises, certaines boutiques en ligne comme Cdiscount approuve avoir r\u00e9alis\u00e9 en 24h un chiffre d&#8217;affaire de 40 millions d&#8217;euros gr\u00e2ce aux Fran\u00e7ais. En vertu de la f\u00e9d\u00e9ration du e-commerce le chiffre d&#8217;affaire global du commerce en ligne aurait bondi de 69% en 2017.<\/p>\n<h2>Le commerce en ligne<\/h2>\n<p>Le trafic du E-commerce \u00e9tant de plus en plus utilis\u00e9 par des millions de consommateurs, ce n&#8217;est seulement que depuis les ann\u00e9es 1990, d\u00e8s l&#8217;apparition d&#8217;internet dans les foyers, que le d\u00e9veloppement de la vente \u00e0 distance s&#8217;engage. R\u00e9cemment devenu une n\u00e9cessit\u00e9, le commerce en ligne vente ses nombreux atouts. La notion de pratique y est grandement mise en avant pour les consommateurs, l&#8217;\u00e9conomie y voit des avantages. La relation entre le vendeur et l&#8217;acheteur est d&#8217;autant plus diff\u00e9rent que personne n&#8217;a affaire \u00e0 quiconque, le seul acteur faisant acte de pr\u00e9sence reste le fournisseur qui \u00e9tablit le lien entre le contractant et le marchand. Ainsi nombreuses ont \u00e9t\u00e9 les boutiques formelles \u00e0 avoir d\u00e9but\u00e9 la cr\u00e9ation de site internet promouvant la marque et activant par la suite l&#8217;option d&#8217;achat, via son ordinateur. Ce fut une r\u00e9volution pour certains qui d\u00e9sormais n&#8217;ont d&#8217;yeux que pour ce type de transaction. S&#8217;y sont d\u00e9coul\u00e9s des avantages pr\u00e9pond\u00e9rants pour les acheteurs, sachant que l&#8217;int\u00e9r\u00eat majeur de cette d\u00e9couverte est le rendement.<\/p>\n<p>C&#8217;est ainsi que nous en venons au fait accompli. Des centaines voire des milliers de sites internet vendent leurs m\u00e9rites, cr\u00e9ant m\u00eame des confusions et un d\u00e9sint\u00e9ressement pour une certaine partie de la population qui trouve que les sites ne sont pr\u00e9sents que dans l&#8217;unique but de faire consommer le public davantage, sans r\u00e9els actes de sinc\u00e9rit\u00e9 concernant les promotions. Acheter en ligne permet de ne pas se d\u00e9placer, l&#8217;influence \u00e9tant toujours aussi dominante qu&#8217;en magasin.<\/p>\n<h2>French Days : Vraies ou fausses promotions?<\/h2>\n<p>Des d\u00e9savantages sont alors soulign\u00e9s par la population Fran\u00e7aise ne mettant pas en avant la notori\u00e9t\u00e9 de ce nouveau concept copi\u00e9 des pays d&#8217;Am\u00e9rique du nord. Le manque d\u2019enthousiasme des consommateurs pour le Black Friday \u00e0 la fran\u00e7aise peut notamment s\u2019expliquer par le fait que les promotions soient \u2013 \u00e0 priori &#8211; d\u00e9cevantes. Certains sites trompeurs annoncent de fausses promotions en faisant simplement croire que les petits prix affich\u00e9s sont des prix sold\u00e9s, or les E-commer\u00e7ants ont pens\u00e9 \u00e0 rehausser le prix de base d&#8217;un produit puis d&#8217;y ajouter un pourcentage de r\u00e9duction \u00e9norme afin de faire croire \u00e0 LA bonne affaire. En revanche le nouveau prix avec le pourcentage ram\u00e8ne le produit \u00e0 sa valeur de d\u00e9part. C&#8217;est ainsi que les marchands font croire \u00e0 la promo, en r\u00e9alit\u00e9 le prix reste inchang\u00e9. D&#8217;ailleurs des enseignes sont sanctionn\u00e9es pour cela si trop de consommateurs s&#8217;en plaignent, et s&#8217;en rendent compte. D&#8217;autres techniques de tromperie sont mises minutieusement en place par ces commerciaux, ill\u00e9galement. Parfois m\u00eame, des ventes flashs o\u00f9 les offres ne sont disponibles que pendant quelques heures ou jusqu&#8217;\u00e0 l&#8217;\u00e9puisement des stocks attirent le client. On pourrait pr\u00e9tendre qu&#8217;il ne s&#8217;agit que d&#8217;effets d&#8217;annonces uniquement destin\u00e9es \u00e0 attirer le consommateur, malheureusement il est rare que de telles occasions se pr\u00e9sentent\u00a0; peu sont les personnes qui r\u00e9alisent de r\u00e9elles \u00e9conomies\u00a0!<\/p>\n<p>La nouvelle tradition French Days venue d\u2019outre-Atlantique et qui s\u2019est install\u00e9e en\u00a0France aurait pu \u00e0 long terme changer la vie de ceux qui appr\u00e9cient de faire de bonnes affaires. L&#8217;id\u00e9e \u00e9tait d&#8217;avoir une sym\u00e9trie au printemps qi est une p\u00e9riode particuli\u00e8rement creuse sur le plan commercial, ex\u00e9cutant le Black Friday en Novembre. \u00c0 la suite des r\u00e9sultats non n\u00e9gligeables qu&#8217;ont pu r\u00e9aliser les ventes en ligne du Black Friday, de nouveau gros du e-commerce ont commenc\u00e9 \u00e0 participer aux French Days trouvant bon d&#8217;attirer l&#8217;attention des acheteurs avec des offres sp\u00e9ciales.\u00a0 Les grandes marques comme Amazon.com, ou Conforama.com se pr\u00eatent au jeu et affirment la promesse de bons plans et d&#8217;achats fut\u00e9s. Les \u00ab\u00a0<em>achats malins\u00a0<\/em>\u00bb ou les prix fut\u00e9s sont mis en avant et expriment l&#8217;occasion pour les Fran\u00e7ais de se faire plaisirs pendant cette p\u00e9riode printani\u00e8re.<\/p>\n<p>Bien des fois un terme choisi en Fran\u00e7ais aurait \u00e9t\u00e9 davantage appr\u00e9ci\u00e9 par certains consommateurs qui en ont assez des Anglicismes\u00a0! Cette tendance \u00e0 l&#8217;am\u00e9ricanisation ne plait pas \u00e0 tout le monde. La soci\u00e9t\u00e9 de consommation copie de plus en plus l&#8217;Am\u00e9rique du nord depuis le vingti\u00e8me si\u00e8cle, des effets de mode sont propag\u00e9s partout dans le monde et l&#8217;influence y est grandissante. C&#8217;est une r\u00e9alit\u00e9, les Am\u00e9ricains ont un style de vie particuli\u00e8rement d\u00e9contract\u00e9. Eux sont par opposition des personnes qui sont fid\u00e8les \u00e0 leur propre culture et ne partagent pas celle des autres pays. La folie des grandeurs aux USA en anime plus d&#8217;un, le mode de vie g\u00e9n\u00e9reux, amicale et optimiste de ces derniers font r\u00eaver certains occidentaux. Les jeunes Fran\u00e7ais sont culturellement s\u00e9duits par cette \u00ab\u00a0recherche du bonheur\u00a0\u00bb constante mais lorsque les gestes sont remani\u00e9s \u00e0 la Fran\u00e7aise cela n&#8217;offre plus du tout le m\u00eame charme\u00a0! La seconde \u00e9dition des French Days n\u2019a pas eu un grand succ\u00e8s et a plut\u00f4t \u00e9t\u00e9 critiqu\u00e9e.[\/vc_column_text][\/vc_column][\/vc_row][vc_row][vc_column][vc_column_text]        <section class=\"sc_fs_faq sc_card \">\n            <div>\n\t\t\t\t<h2>Quand ont lieux les French Days?<\/h2>                <div>\n\t\t\t\t\t                    <p>\n\t\t\t\t\t\tLes French Days ont lieu deux fois par an. La premi\u00e8re p\u00e9riode se situe au printemps, \u00e0 la fin du mois d\u2019avril, et la seconde \u00e0 l\u2019automne, \u00e0 la fin du mois de septembre. En 2020, les French Days devraient se d\u00e9rouler du vendredi 24 avril au mercredi 29 avril et du vendredi 25 septembre au mercredi 30 septembre.                     <\/p>\n                <\/div>\n            <\/div>\n        <\/section>\n\t\t        <section class=\"sc_fs_faq sc_card \">\n            <div>\n\t\t\t\t<h2>Qu\u2019est-ce que les french days?<\/h2>                <div>\n\t\t\t\t\t                    <p>\n\t\t\t\t\t\tLes g\u00e9ants du commerce en ligne en France : CDiscount, Rue du Commerce, Showroompriv\u00e9, La Redoute, Boulanger et Fnac Darty ont d\u00e9cid\u00e9 de lancer un nouvel \u00e9v\u00e9nement qui doit avoir lieu deux fois par an, entre les soldes d'hiver et les soldes d'\u00e9t\u00e9. Il s\u2019agit des French Days. Ainsi, ces jours de rabais se d\u00e9roulent en printemps, \u00e0 la fin du mois d\u2019avril, et \u00e0 l\u2019automne, \u00e0 la fin du mois de septembre.                    <\/p>\n                <\/div>\n            <\/div>\n        <\/section>\n\t\t        <section class=\"sc_fs_faq sc_card \">\n            <div>\n\t\t\t\t<h2>Pourquoi les french days?<\/h2>                <div>\n\t\t\t\t\t                    <p>\n\t\t\t\t\t\tLes French Days ont pour vocation de proposer une alternative fran\u00e7aise au Black Friday qui se d\u00e9roule \u00e0 fin du mois de novembre aux Etats-Unis tout en mettant en avant le commerce en ligne en France. Ainsi, des rabais sont propos\u00e9s entre les p\u00e9riodes de soldes traditionnelles. Environ 200 marchands participent \u00e0 cet \u00e9v\u00e9nement de taille qui intervient au printemps, \u00e0 la fin du mois d\u2019avril et en automne, \u00e0 la fin du mois de septembre.                    <\/p>\n                <\/div>\n            <\/div>\n        <\/section>\n\t\t\n<script type=\"application\/ld+json\">\n    {\n\t\t\"@context\": \"https:\/\/schema.org\",\n\t\t\"@type\": \"FAQPage\",\n\t\t\"mainEntity\": [\n\t\t\t\t{\n\t\t\t\t\"@type\": \"Question\",\n\t\t\t\t\"name\": \"Quand ont lieux les French Days?\",\n\t\t\t\t\"acceptedAnswer\": {\n\t\t\t\t\t\"@type\": \"Answer\",\n\t\t\t\t\t\"text\": \"Les French Days ont lieu deux fois par an. La premi\u00e8re p\u00e9riode se situe au printemps, \u00e0 la fin du mois d\u2019avril, et la seconde \u00e0 l\u2019automne, \u00e0 la fin du mois de septembre. En 2020, les French Days devraient se d\u00e9rouler du vendredi 24 avril au mercredi 29 avril et du vendredi 25 septembre au mercredi 30 septembre.\"\n\t\t\t\t\t\t\t\t\t}\n\t\t\t}\n\t\t\t,\t\t\t\t{\n\t\t\t\t\"@type\": \"Question\",\n\t\t\t\t\"name\": \"Qu\u2019est-ce que les french days?\",\n\t\t\t\t\"acceptedAnswer\": {\n\t\t\t\t\t\"@type\": \"Answer\",\n\t\t\t\t\t\"text\": \"Les g\u00e9ants du commerce en ligne en France : CDiscount, Rue du Commerce, Showroompriv\u00e9, La Redoute, Boulanger et Fnac Darty ont d\u00e9cid\u00e9 de lancer un nouvel \u00e9v\u00e9nement qui doit avoir lieu deux fois par an, entre les soldes d'hiver et les soldes d'\u00e9t\u00e9. Il s\u2019agit des French Days. Ainsi, ces jours de rabais se d\u00e9roulent en printemps, \u00e0 la fin du mois d\u2019avril, et \u00e0 l\u2019automne, \u00e0 la fin du mois de septembre.\"\n\t\t\t\t\t\t\t\t\t}\n\t\t\t}\n\t\t\t,\t\t\t\t{\n\t\t\t\t\"@type\": \"Question\",\n\t\t\t\t\"name\": \"Pourquoi les french days?\",\n\t\t\t\t\"acceptedAnswer\": {\n\t\t\t\t\t\"@type\": \"Answer\",\n\t\t\t\t\t\"text\": \"Les French Days ont pour vocation de proposer une alternative fran\u00e7aise au Black Friday qui se d\u00e9roule \u00e0 fin du mois de novembre aux Etats-Unis tout en mettant en avant le commerce en ligne en France. Ainsi, des rabais sont propos\u00e9s entre les p\u00e9riodes de soldes traditionnelles. Environ 200 marchands participent \u00e0 cet \u00e9v\u00e9nement de taille qui intervient au printemps, \u00e0 la fin du mois d\u2019avril et en automne, \u00e0 la fin du mois de septembre.\"\n\t\t\t\t\t\t\t\t\t}\n\t\t\t}\n\t\t\t\t    ]\n}\n<\/script>\n[\/vc_column_text][\/vc_column][\/vc_row]\n","protected":false},"excerpt":{"rendered":"<p>[vc_row][vc_column][vc_column_text]Inspir\u00e9 du Black Friday\u00a0qui vient tout droit des \u00c9tats-unis, les French Days rejoignent le concept de la promotion internationale. Les dates des French Days : En 2019,\u00a0les French Days se sont d\u00e9roul\u00e9s du vendredi 27 septembre \u00e0 7H au mardi 1er octobre \u00e0 la m\u00eame heure En 2020, les French Days devraient avoir lieu du [&hellip;]<\/p>\n","protected":false},"author":1,"featured_media":3625,"parent":3470,"menu_order":0,"comment_status":"closed","ping_status":"closed","template":"","meta":{"_lmt_disableupdate":"","_lmt_disable":"","footnotes":""},"class_list":["post-3483","page","type-page","status-publish","has-post-thumbnail","hentry"],"yoast_head":"<!-- This site is optimized with the Yoast SEO plugin v25.6 - https:\/\/yoast.com\/wordpress\/plugins\/seo\/ -->\n<title>Les French Days 2019 \/ 2020 - Date et Concept - Mag Communes<\/title>\n<meta name=\"description\" content=\"Inspir\u00e9 du Black Friday\u00a0qui vient tout droit des \u00c9tats-unis, les French Days rejoignent le concept de la promotion internationale.\" \/>\n<meta name=\"robots\" content=\"index, follow, max-snippet:-1, max-image-preview:large, max-video-preview:-1\" \/>\n<link rel=\"canonical\" href=\"https:\/\/www.communes.com\/mag\/evenements\/french-days\" \/>\n<meta property=\"og:locale\" content=\"fr_FR\" \/>\n<meta property=\"og:type\" content=\"article\" \/>\n<meta property=\"og:title\" content=\"Les French Days 2019 \/ 2020 - Date et Concept - Mag Communes\" \/>\n<meta property=\"og:description\" content=\"Inspir\u00e9 du Black Friday\u00a0qui vient tout droit des \u00c9tats-unis, les French Days rejoignent le concept de la promotion internationale.\" \/>\n<meta property=\"og:url\" content=\"https:\/\/www.communes.com\/mag\/evenements\/french-days\" \/>\n<meta property=\"og:site_name\" content=\"Mag Communes\" \/>\n<meta property=\"article:publisher\" content=\"https:\/\/www.facebook.com\/communes\" \/>\n<meta property=\"article:modified_time\" content=\"2020-02-03T14:21:23+00:00\" \/>\n<meta property=\"og:image\" content=\"https:\/\/www.communes.com\/mag\/images\/french-days-2557567.jpg\" \/>\n\t<meta property=\"og:image:width\" content=\"770\" \/>\n\t<meta property=\"og:image:height\" content=\"513\" \/>\n\t<meta property=\"og:image:type\" content=\"image\/jpeg\" \/>\n<meta name=\"twitter:card\" content=\"summary_large_image\" \/>\n<meta name=\"twitter:site\" content=\"@communes\" \/>\n<meta name=\"twitter:label1\" content=\"Dur\u00e9e de lecture estim\u00e9e\" \/>\n\t<meta name=\"twitter:data1\" content=\"8 minutes\" \/>\n<script type=\"application\/ld+json\" class=\"yoast-schema-graph\">{\"@context\":\"https:\/\/schema.org\",\"@graph\":[{\"@type\":\"WebPage\",\"@id\":\"https:\/\/www.communes.com\/mag\/evenements\/french-days\",\"url\":\"https:\/\/www.communes.com\/mag\/evenements\/french-days\",\"name\":\"Les French Days 2019 \/ 2020 - Date et Concept - Mag Communes\",\"isPartOf\":{\"@id\":\"https:\/\/www.communes.com\/mag\/#website\"},\"primaryImageOfPage\":{\"@id\":\"https:\/\/www.communes.com\/mag\/evenements\/french-days#primaryimage\"},\"image\":{\"@id\":\"https:\/\/www.communes.com\/mag\/evenements\/french-days#primaryimage\"},\"thumbnailUrl\":\"https:\/\/www.communes.com\/mag\/images\/french-days-2557567.jpg\",\"datePublished\":\"2019-09-27T13:18:42+00:00\",\"dateModified\":\"2020-02-03T14:21:23+00:00\",\"description\":\"Inspir\u00e9 du Black Friday\u00a0qui vient tout droit des \u00c9tats-unis, les French Days rejoignent le concept de la promotion internationale.\",\"breadcrumb\":{\"@id\":\"https:\/\/www.communes.com\/mag\/evenements\/french-days#breadcrumb\"},\"inLanguage\":\"fr-FR\",\"potentialAction\":[{\"@type\":\"ReadAction\",\"target\":[\"https:\/\/www.communes.com\/mag\/evenements\/french-days\"]}]},{\"@type\":\"ImageObject\",\"inLanguage\":\"fr-FR\",\"@id\":\"https:\/\/www.communes.com\/mag\/evenements\/french-days#primaryimage\",\"url\":\"https:\/\/www.communes.com\/mag\/images\/french-days-2557567.jpg\",\"contentUrl\":\"https:\/\/www.communes.com\/mag\/images\/french-days-2557567.jpg\",\"width\":770,\"height\":513,\"caption\":\"Les french days - \u00a9StockSnap CC0 Creative Commons\"},{\"@type\":\"BreadcrumbList\",\"@id\":\"https:\/\/www.communes.com\/mag\/evenements\/french-days#breadcrumb\",\"itemListElement\":[{\"@type\":\"ListItem\",\"position\":1,\"name\":\"\u00c9v\u00e9nements\",\"item\":\"https:\/\/www.communes.com\/mag\/evenements\"},{\"@type\":\"ListItem\",\"position\":2,\"name\":\"french days\"}]},{\"@type\":\"WebSite\",\"@id\":\"https:\/\/www.communes.com\/mag\/#website\",\"url\":\"https:\/\/www.communes.com\/mag\/\",\"name\":\"Mag Communes\",\"description\":\"Mag online sur les villes de France\",\"potentialAction\":[{\"@type\":\"SearchAction\",\"target\":{\"@type\":\"EntryPoint\",\"urlTemplate\":\"https:\/\/www.communes.com\/mag\/?s={search_term_string}\"},\"query-input\":{\"@type\":\"PropertyValueSpecification\",\"valueRequired\":true,\"valueName\":\"search_term_string\"}}],\"inLanguage\":\"fr-FR\"}]}<\/script>\n<!-- \/ Yoast SEO plugin. -->","yoast_head_json":{"title":"Les French Days 2019 \/ 2020 - Date et Concept - Mag Communes","description":"Inspir\u00e9 du Black Friday\u00a0qui vient tout droit des \u00c9tats-unis, les French Days rejoignent le concept de la promotion internationale.","robots":{"index":"index","follow":"follow","max-snippet":"max-snippet:-1","max-image-preview":"max-image-preview:large","max-video-preview":"max-video-preview:-1"},"canonical":"https:\/\/www.communes.com\/mag\/evenements\/french-days","og_locale":"fr_FR","og_type":"article","og_title":"Les French Days 2019 \/ 2020 - Date et Concept - Mag Communes","og_description":"Inspir\u00e9 du Black Friday\u00a0qui vient tout droit des \u00c9tats-unis, les French Days rejoignent le concept de la promotion internationale.","og_url":"https:\/\/www.communes.com\/mag\/evenements\/french-days","og_site_name":"Mag Communes","article_publisher":"https:\/\/www.facebook.com\/communes","article_modified_time":"2020-02-03T14:21:23+00:00","og_image":[{"width":770,"height":513,"url":"https:\/\/www.communes.com\/mag\/images\/french-days-2557567.jpg","type":"image\/jpeg"}],"twitter_card":"summary_large_image","twitter_site":"@communes","twitter_misc":{"Dur\u00e9e de lecture estim\u00e9e":"8 minutes"},"schema":{"@context":"https:\/\/schema.org","@graph":[{"@type":"WebPage","@id":"https:\/\/www.communes.com\/mag\/evenements\/french-days","url":"https:\/\/www.communes.com\/mag\/evenements\/french-days","name":"Les French Days 2019 \/ 2020 - Date et Concept - Mag Communes","isPartOf":{"@id":"https:\/\/www.communes.com\/mag\/#website"},"primaryImageOfPage":{"@id":"https:\/\/www.communes.com\/mag\/evenements\/french-days#primaryimage"},"image":{"@id":"https:\/\/www.communes.com\/mag\/evenements\/french-days#primaryimage"},"thumbnailUrl":"https:\/\/www.communes.com\/mag\/images\/french-days-2557567.jpg","datePublished":"2019-09-27T13:18:42+00:00","dateModified":"2020-02-03T14:21:23+00:00","description":"Inspir\u00e9 du Black Friday\u00a0qui vient tout droit des \u00c9tats-unis, les French Days rejoignent le concept de la promotion internationale.","breadcrumb":{"@id":"https:\/\/www.communes.com\/mag\/evenements\/french-days#breadcrumb"},"inLanguage":"fr-FR","potentialAction":[{"@type":"ReadAction","target":["https:\/\/www.communes.com\/mag\/evenements\/french-days"]}]},{"@type":"ImageObject","inLanguage":"fr-FR","@id":"https:\/\/www.communes.com\/mag\/evenements\/french-days#primaryimage","url":"https:\/\/www.communes.com\/mag\/images\/french-days-2557567.jpg","contentUrl":"https:\/\/www.communes.com\/mag\/images\/french-days-2557567.jpg","width":770,"height":513,"caption":"Les french days - \u00a9StockSnap CC0 Creative Commons"},{"@type":"BreadcrumbList","@id":"https:\/\/www.communes.com\/mag\/evenements\/french-days#breadcrumb","itemListElement":[{"@type":"ListItem","position":1,"name":"\u00c9v\u00e9nements","item":"https:\/\/www.communes.com\/mag\/evenements"},{"@type":"ListItem","position":2,"name":"french days"}]},{"@type":"WebSite","@id":"https:\/\/www.communes.com\/mag\/#website","url":"https:\/\/www.communes.com\/mag\/","name":"Mag Communes","description":"Mag online sur les villes de France","potentialAction":[{"@type":"SearchAction","target":{"@type":"EntryPoint","urlTemplate":"https:\/\/www.communes.com\/mag\/?s={search_term_string}"},"query-input":{"@type":"PropertyValueSpecification","valueRequired":true,"valueName":"search_term_string"}}],"inLanguage":"fr-FR"}]}},"_links":{"self":[{"href":"https:\/\/www.communes.com\/mag\/wp-json\/wp\/v2\/pages\/3483"}],"collection":[{"href":"https:\/\/www.communes.com\/mag\/wp-json\/wp\/v2\/pages"}],"about":[{"href":"https:\/\/www.communes.com\/mag\/wp-json\/wp\/v2\/types\/page"}],"author":[{"embeddable":true,"href":"https:\/\/www.communes.com\/mag\/wp-json\/wp\/v2\/users\/1"}],"replies":[{"embeddable":true,"href":"https:\/\/www.communes.com\/mag\/wp-json\/wp\/v2\/comments?post=3483"}],"version-history":[{"count":2,"href":"https:\/\/www.communes.com\/mag\/wp-json\/wp\/v2\/pages\/3483\/revisions"}],"predecessor-version":[{"id":4145,"href":"https:\/\/www.communes.com\/mag\/wp-json\/wp\/v2\/pages\/3483\/revisions\/4145"}],"up":[{"embeddable":true,"href":"https:\/\/www.communes.com\/mag\/wp-json\/wp\/v2\/pages\/3470"}],"wp:featuredmedia":[{"embeddable":true,"href":"https:\/\/www.communes.com\/mag\/wp-json\/wp\/v2\/media\/3625"}],"wp:attachment":[{"href":"https:\/\/www.communes.com\/mag\/wp-json\/wp\/v2\/media?parent=3483"}],"curies":[{"name":"wp","href":"https:\/\/api.w.org\/{rel}","templated":true}]}}